{"id":4901,"date":"2026-02-20T14:19:35","date_gmt":"2026-02-20T14:19:35","guid":{"rendered":"https:\/\/zuaworld.eu\/?post_type=product&#038;p=4901"},"modified":"2026-04-16T12:05:37","modified_gmt":"2026-04-16T12:05:37","slug":"sonara-linen-set","status":"publish","type":"product","link":"https:\/\/zuaworld.eu\/en\/sklep\/sonara-linen-set\/","title":{"rendered":"Sonara Linen Set"},"content":{"rendered":"<p>Knitted set <strong>Sonara Linen Set<\/strong> Made of elastic and malleable knit fabric that softly adapts to the figure.<\/p>\n<p>The set consists of a top tied in three ways and an adjustable skirt, which can be tied freely on the hips. Ideal not only for the beach, but also for everyday summer styling.<\/p>\n<p><strong>The product was handmade in Bali.<\/strong><\/p>\n<p><strong>Size:<\/strong> One size<\/p>\n<p><strong>Composition:<\/strong> 30% viscose, 70% acrylic<\/p>","protected":false},"excerpt":{"rendered":"<p>Possibility <strong>length changes<\/strong> i <strong>bonding method<\/strong> allows you to tailor your styling to the occasion - from <strong>everyday lightness<\/strong> after more <strong>women's<\/strong>, <strong>evening edition<\/strong>.<\/p>","protected":false},"featured_media":4902,"comment_status":"open","ping_status":"closed","template":"","meta":[],"product_cat":[188,187],"product_tag":[],"class_list":{"0":"post-4901","1":"product","2":"type-product","3":"status-publish","4":"has-post-thumbnail","6":"product_cat-aura-capsule","7":"product_cat-sety","9":"first","10":"instock","11":"shipping-taxable","12":"purchasable","13":"product-type-simple"},"yoast_head":"<!-- This site is optimized with the Yoast SEO plugin v27.5 - https:\/\/yoast.com\/product\/yoast-seo-wordpress\/ -->\n<title>Sonara Linen Set - ZUA World<\/title>\n<meta name=\"description\" content=\"Uniwersalny dzianinowy set sk\u0142adaj\u0105cy si\u0119 z topu wi\u0105zanego na trzy sposoby oraz regulowanej sp\u00f3dnicy. Pi\u0119knie oplata cia\u0142o i dopasowuje si\u0119 do sylwetki.\" \/>\n<meta name=\"robots\" content=\"index, follow, max-snippet:-1, max-image-preview:large, max-video-preview:-1\" \/>\n<link rel=\"canonical\" href=\"https:\/\/zuaworld.eu\/en\/store\/sonara-linen-set\/\" \/>\n<meta property=\"og:locale\" content=\"en_US\" \/>\n<meta property=\"og:type\" content=\"article\" \/>\n<meta property=\"og:title\" content=\"Sonara Linen Set - ZUA World\" \/>\n<meta property=\"og:description\" content=\"Uniwersalny dzianinowy set sk\u0142adaj\u0105cy si\u0119 z topu wi\u0105zanego na trzy sposoby oraz regulowanej sp\u00f3dnicy. Pi\u0119knie oplata cia\u0142o i dopasowuje si\u0119 do sylwetki.\" \/>\n<meta property=\"og:url\" content=\"https:\/\/zuaworld.eu\/en\/store\/sonara-linen-set\/\" \/>\n<meta property=\"og:site_name\" content=\"ZUA World\" \/>\n<meta property=\"article:modified_time\" content=\"2026-04-16T12:05:37+00:00\" \/>\n<meta property=\"og:image\" content=\"https:\/\/zuaworld.eu\/wp-content\/uploads\/2026\/02\/Sonara-Linen-Set-1.webp\" \/>\n\t<meta property=\"og:image:width\" content=\"952\" \/>\n\t<meta property=\"og:image:height\" content=\"1428\" \/>\n\t<meta property=\"og:image:type\" content=\"image\/webp\" \/>\n<meta name=\"twitter:card\" content=\"summary_large_image\" \/>\n<meta name=\"twitter:label1\" content=\"Est. reading time\" \/>\n\t<meta name=\"twitter:data1\" content=\"1 minute\" \/>\n<script type=\"application\/ld+json\" class=\"yoast-schema-graph\">{\"@context\":\"https:\\\/\\\/schema.org\",\"@graph\":[{\"@type\":\"WebPage\",\"@id\":\"https:\\\/\\\/zuaworld.eu\\\/sklep\\\/sonara-linen-set\\\/\",\"url\":\"https:\\\/\\\/zuaworld.eu\\\/sklep\\\/sonara-linen-set\\\/\",\"name\":\"Sonara Linen Set - ZUA World\",\"isPartOf\":{\"@id\":\"https:\\\/\\\/zuaworld.eu\\\/#website\"},\"primaryImageOfPage\":{\"@id\":\"https:\\\/\\\/zuaworld.eu\\\/sklep\\\/sonara-linen-set\\\/#primaryimage\"},\"image\":{\"@id\":\"https:\\\/\\\/zuaworld.eu\\\/sklep\\\/sonara-linen-set\\\/#primaryimage\"},\"thumbnailUrl\":\"https:\\\/\\\/zuaworld.eu\\\/wp-content\\\/uploads\\\/2026\\\/02\\\/Sonara-Linen-Set-1.webp\",\"datePublished\":\"2026-02-20T14:19:35+00:00\",\"dateModified\":\"2026-04-16T12:05:37+00:00\",\"description\":\"Uniwersalny dzianinowy set sk\u0142adaj\u0105cy si\u0119 z topu wi\u0105zanego na trzy sposoby oraz regulowanej sp\u00f3dnicy. Pi\u0119knie oplata cia\u0142o i dopasowuje si\u0119 do sylwetki.\",\"breadcrumb\":{\"@id\":\"https:\\\/\\\/zuaworld.eu\\\/sklep\\\/sonara-linen-set\\\/#breadcrumb\"},\"inLanguage\":\"en-US\",\"potentialAction\":[{\"@type\":\"ReadAction\",\"target\":[\"https:\\\/\\\/zuaworld.eu\\\/sklep\\\/sonara-linen-set\\\/\"]}]},{\"@type\":\"ImageObject\",\"inLanguage\":\"en-US\",\"@id\":\"https:\\\/\\\/zuaworld.eu\\\/sklep\\\/sonara-linen-set\\\/#primaryimage\",\"url\":\"https:\\\/\\\/zuaworld.eu\\\/wp-content\\\/uploads\\\/2026\\\/02\\\/Sonara-Linen-Set-1.webp\",\"contentUrl\":\"https:\\\/\\\/zuaworld.eu\\\/wp-content\\\/uploads\\\/2026\\\/02\\\/Sonara-Linen-Set-1.webp\",\"width\":952,\"height\":1428},{\"@type\":\"BreadcrumbList\",\"@id\":\"https:\\\/\\\/zuaworld.eu\\\/sklep\\\/sonara-linen-set\\\/#breadcrumb\",\"itemListElement\":[{\"@type\":\"ListItem\",\"position\":1,\"name\":\"Strona g\u0142\u00f3wna\",\"item\":\"https:\\\/\\\/zuaworld.eu\\\/\"},{\"@type\":\"ListItem\",\"position\":2,\"name\":\"Sklep\",\"item\":\"https:\\\/\\\/zuaworld.eu\\\/sklep\\\/\"},{\"@type\":\"ListItem\",\"position\":3,\"name\":\"Sonara Linen Set\"}]},{\"@type\":\"WebSite\",\"@id\":\"https:\\\/\\\/zuaworld.eu\\\/#website\",\"url\":\"https:\\\/\\\/zuaworld.eu\\\/\",\"name\":\"ZUA World\",\"description\":\"Made in Bali\",\"potentialAction\":[{\"@type\":\"SearchAction\",\"target\":{\"@type\":\"EntryPoint\",\"urlTemplate\":\"https:\\\/\\\/zuaworld.eu\\\/?s={search_term_string}\"},\"query-input\":{\"@type\":\"PropertyValueSpecification\",\"valueRequired\":true,\"valueName\":\"search_term_string\"}}],\"inLanguage\":\"en-US\"}]}<\/script>\n<!-- \/ Yoast SEO plugin. -->","yoast_head_json":{"title":"Sonara Linen Set - ZUA World","description":"Versatile knit set consisting of a top tied in three ways and an adjustable skirt. Beautifully wraps around the body and adapts to the figure.","robots":{"index":"index","follow":"follow","max-snippet":"max-snippet:-1","max-image-preview":"max-image-preview:large","max-video-preview":"max-video-preview:-1"},"canonical":"https:\/\/zuaworld.eu\/en\/store\/sonara-linen-set\/","og_locale":"en_US","og_type":"article","og_title":"Sonara Linen Set - ZUA World","og_description":"Uniwersalny dzianinowy set sk\u0142adaj\u0105cy si\u0119 z topu wi\u0105zanego na trzy sposoby oraz regulowanej sp\u00f3dnicy. Pi\u0119knie oplata cia\u0142o i dopasowuje si\u0119 do sylwetki.","og_url":"https:\/\/zuaworld.eu\/en\/store\/sonara-linen-set\/","og_site_name":"ZUA World","article_modified_time":"2026-04-16T12:05:37+00:00","og_image":[{"width":952,"height":1428,"url":"https:\/\/zuaworld.eu\/wp-content\/uploads\/2026\/02\/Sonara-Linen-Set-1.webp","type":"image\/webp"}],"twitter_card":"summary_large_image","twitter_misc":{"Est. reading time":"1 minute"},"schema":{"@context":"https:\/\/schema.org","@graph":[{"@type":"WebPage","@id":"https:\/\/zuaworld.eu\/sklep\/sonara-linen-set\/","url":"https:\/\/zuaworld.eu\/sklep\/sonara-linen-set\/","name":"Sonara Linen Set - ZUA World","isPartOf":{"@id":"https:\/\/zuaworld.eu\/#website"},"primaryImageOfPage":{"@id":"https:\/\/zuaworld.eu\/sklep\/sonara-linen-set\/#primaryimage"},"image":{"@id":"https:\/\/zuaworld.eu\/sklep\/sonara-linen-set\/#primaryimage"},"thumbnailUrl":"https:\/\/zuaworld.eu\/wp-content\/uploads\/2026\/02\/Sonara-Linen-Set-1.webp","datePublished":"2026-02-20T14:19:35+00:00","dateModified":"2026-04-16T12:05:37+00:00","description":"Versatile knit set consisting of a top tied in three ways and an adjustable skirt. Beautifully wraps around the body and adapts to the figure.","breadcrumb":{"@id":"https:\/\/zuaworld.eu\/sklep\/sonara-linen-set\/#breadcrumb"},"inLanguage":"en-US","potentialAction":[{"@type":"ReadAction","target":["https:\/\/zuaworld.eu\/sklep\/sonara-linen-set\/"]}]},{"@type":"ImageObject","inLanguage":"en-US","@id":"https:\/\/zuaworld.eu\/sklep\/sonara-linen-set\/#primaryimage","url":"https:\/\/zuaworld.eu\/wp-content\/uploads\/2026\/02\/Sonara-Linen-Set-1.webp","contentUrl":"https:\/\/zuaworld.eu\/wp-content\/uploads\/2026\/02\/Sonara-Linen-Set-1.webp","width":952,"height":1428},{"@type":"BreadcrumbList","@id":"https:\/\/zuaworld.eu\/sklep\/sonara-linen-set\/#breadcrumb","itemListElement":[{"@type":"ListItem","position":1,"name":"Strona g\u0142\u00f3wna","item":"https:\/\/zuaworld.eu\/"},{"@type":"ListItem","position":2,"name":"Sklep","item":"https:\/\/zuaworld.eu\/sklep\/"},{"@type":"ListItem","position":3,"name":"Sonara Linen Set"}]},{"@type":"WebSite","@id":"https:\/\/zuaworld.eu\/#website","url":"https:\/\/zuaworld.eu\/","name":"ZUA World","description":"Made in Bali","potentialAction":[{"@type":"SearchAction","target":{"@type":"EntryPoint","urlTemplate":"https:\/\/zuaworld.eu\/?s={search_term_string}"},"query-input":{"@type":"PropertyValueSpecification","valueRequired":true,"valueName":"search_term_string"}}],"inLanguage":"en-US"}]}},"_links":{"self":[{"href":"https:\/\/zuaworld.eu\/en\/wp-json\/wp\/v2\/product\/4901","targetHints":{"allow":["GET"]}}],"collection":[{"href":"https:\/\/zuaworld.eu\/en\/wp-json\/wp\/v2\/product"}],"about":[{"href":"https:\/\/zuaworld.eu\/en\/wp-json\/wp\/v2\/types\/product"}],"replies":[{"embeddable":true,"href":"https:\/\/zuaworld.eu\/en\/wp-json\/wp\/v2\/comments?post=4901"}],"version-history":[{"count":3,"href":"https:\/\/zuaworld.eu\/en\/wp-json\/wp\/v2\/product\/4901\/revisions"}],"predecessor-version":[{"id":5523,"href":"https:\/\/zuaworld.eu\/en\/wp-json\/wp\/v2\/product\/4901\/revisions\/5523"}],"wp:featuredmedia":[{"embeddable":true,"href":"https:\/\/zuaworld.eu\/en\/wp-json\/wp\/v2\/media\/4902"}],"wp:attachment":[{"href":"https:\/\/zuaworld.eu\/en\/wp-json\/wp\/v2\/media?parent=4901"}],"wp:term":[{"taxonomy":"product_cat","embeddable":true,"href":"https:\/\/zuaworld.eu\/en\/wp-json\/wp\/v2\/product_cat?post=4901"},{"taxonomy":"product_tag","embeddable":true,"href":"https:\/\/zuaworld.eu\/en\/wp-json\/wp\/v2\/product_tag?post=4901"}],"curies":[{"name":"wp","href":"https:\/\/api.w.org\/{rel}","templated":true}]}}